{"id":2002,"date":"2023-12-07T17:37:53","date_gmt":"2023-12-07T20:37:53","guid":{"rendered":"https:\/\/massyinternacional.com\/?page_id=2002"},"modified":"2023-12-13T11:53:57","modified_gmt":"2023-12-13T14:53:57","slug":"riocomex","status":"publish","type":"page","link":"https:\/\/massyinternacional.com\/en\/riocomex\/","title":{"rendered":"RIOCOMEX"},"content":{"rendered":"<div data-elementor-type=\"wp-page\" data-elementor-id=\"2002\" class=\"elementor elementor-2002\" data-elementor-post-type=\"page\">\n\t\t\t\t\t\t<section data-eae-particle=\"{  &quot;particles&quot;: {    &quot;number&quot;: {      &quot;value&quot;: 80,      &quot;density&quot;: {        &quot;enable&quot;: true,        &quot;value_area&quot;: 800      }    },    &quot;color&quot;: {      &quot;value&quot;: &quot;#ffffff&quot;    },    &quot;shape&quot;: {      &quot;type&quot;: &quot;circle&quot;,      &quot;stroke&quot;: {        &quot;width&quot;: 0,        &quot;color&quot;: &quot;#000000&quot;      },      &quot;polygon&quot;: {        &quot;nb_sides&quot;: 5      },      &quot;image&quot;: {        &quot;src&quot;: &quot;img\/github.svg&quot;,        &quot;width&quot;: 100,        &quot;height&quot;: 100      }    },    &quot;opacity&quot;: {      &quot;value&quot;: 0.5,      &quot;random&quot;: false,      &quot;anim&quot;: {        &quot;enable&quot;: false,        &quot;speed&quot;: 1,        &quot;opacity_min&quot;: 0.1,        &quot;sync&quot;: false      }    },    &quot;size&quot;: {      &quot;value&quot;: 3,      &quot;random&quot;: true,      &quot;anim&quot;: {        &quot;enable&quot;: false,        &quot;speed&quot;: 40,        &quot;size_min&quot;: 0.1,        &quot;sync&quot;: false      }    },    &quot;line_linked&quot;: {      &quot;enable&quot;: true,      &quot;distance&quot;: 150,      &quot;color&quot;: &quot;#ffffff&quot;,      &quot;opacity&quot;: 0.4,      &quot;width&quot;: 1    },    &quot;move&quot;: {      &quot;enable&quot;: true,      &quot;speed&quot;: 6,      &quot;direction&quot;: &quot;none&quot;,      &quot;random&quot;: false,      &quot;straight&quot;: false,      &quot;out_mode&quot;: &quot;out&quot;,      &quot;bounce&quot;: false,      &quot;attract&quot;: {        &quot;enable&quot;: false,        &quot;rotateX&quot;: 600,        &quot;rotateY&quot;: 1200      }    }  },  &quot;interactivity&quot;: {    &quot;detect_on&quot;: &quot;canvas&quot;,    &quot;events&quot;: {      &quot;onhover&quot;: {        &quot;enable&quot;: true,        &quot;mode&quot;: &quot;repulse&quot;      },      &quot;onclick&quot;: {        &quot;enable&quot;: true,        &quot;mode&quot;: &quot;push&quot;      },      &quot;resize&quot;: true    },    &quot;modes&quot;: {      &quot;grab&quot;: {        &quot;distance&quot;: 400,        &quot;line_linked&quot;: {          &quot;opacity&quot;: 1        }      },      &quot;bubble&quot;: {        &quot;distance&quot;: 400,        &quot;size&quot;: 40,        &quot;duration&quot;: 2,        &quot;opacity&quot;: 8,        &quot;speed&quot;: 3      },      &quot;repulse&quot;: {        &quot;distance&quot;: 200,        &quot;duration&quot;: 0.4      },      &quot;push&quot;: {        &quot;particles_nb&quot;: 4      },      &quot;remove&quot;: {        &quot;particles_nb&quot;: 2      }    }  },  &quot;retina_detect&quot;: true}\" class=\"has_eae_slider elementor-section elementor-top-section elementor-element elementor-element-5b5fa81 elementor-section-height-min-height eae-particle-yes elementor-section-boxed elementor-section-height-default elementor-section-items-middle wpr-particle-no wpr-jarallax-no wpr-parallax-no wpr-sticky-section-no\" data-eae-slider=\"92746\" data-id=\"5b5fa81\" data-element_type=\"section\" data-settings=\"{&quot;background_background&quot;:&quot;classic&quot;}\">\n\t\t\t\t\t\t\t<div class=\"elementor-background-overlay\"><\/div>\n\t\t\t\t\t\t\t<div class=\"elementor-container elementor-column-gap-no\">\n\t\t\t\t\t<div class=\"has_eae_slider elementor-column elementor-col-100 elementor-top-column elementor-element elementor-element-118479d\" data-eae-slider=\"97607\" data-id=\"118479d\" data-element_type=\"column\">\n\t\t\t<div class=\"elementor-widget-wrap elementor-element-populated\">\n\t\t\t\t\t\t<div class=\"elementor-element elementor-element-1ee8aa1 elementor-widget elementor-widget-icon-box\" data-id=\"1ee8aa1\" data-element_type=\"widget\" data-widget_type=\"icon-box.default\">\n\t\t\t\t<div class=\"elementor-widget-container\">\n\t\t\t\t\t\t\t<div class=\"elementor-icon-box-wrapper\">\n\n\t\t\t\n\t\t\t\t\t\t<div class=\"elementor-icon-box-content\">\n\n\t\t\t\t\t\t\t\t\t<h3 class=\"elementor-icon-box-title\">\n\t\t\t\t\t\t<span  >\n\t\t\t\t\t\t\tRioComex\t\t\t\t\t\t<\/span>\n\t\t\t\t\t<\/h3>\n\t\t\t\t\n\t\t\t\t\n\t\t\t<\/div>\n\t\t\t\n\t\t<\/div>\n\t\t\t\t\t\t<\/div>\n\t\t\t\t<\/div>\n\t\t\t\t\t<\/div>\n\t\t<\/div>\n\t\t\t\t\t<\/div>\n\t\t<\/section>\n\t\t\t\t<section class=\"has_eae_slider elementor-section elementor-top-section elementor-element elementor-element-3c158649 elementor-section-content-middle elementor-section-boxed elementor-section-height-default elementor-section-height-default wpr-particle-no wpr-jarallax-no wpr-parallax-no wpr-sticky-section-no\" data-eae-slider=\"16036\" data-id=\"3c158649\" data-element_type=\"section\">\n\t\t\t\t\t\t\t<div class=\"elementor-background-overlay\"><\/div>\n\t\t\t\t\t\t\t<div class=\"elementor-container elementor-column-gap-no\">\n\t\t\t\t\t<div class=\"has_eae_slider elementor-column elementor-col-50 elementor-top-column elementor-element elementor-element-2fdbf66b\" data-eae-slider=\"17663\" data-id=\"2fdbf66b\" data-element_type=\"column\" data-settings=\"{&quot;background_background&quot;:&quot;classic&quot;}\">\n\t\t\t<div class=\"elementor-widget-wrap elementor-element-populated\">\n\t\t\t\t\t\t<div class=\"elementor-element elementor-element-5bb04691 elementor-widget elementor-widget-heading\" data-id=\"5bb04691\" data-element_type=\"widget\" data-widget_type=\"heading.default\">\n\t\t\t\t<div class=\"elementor-widget-container\">\n\t\t\t\t\t<h2 class=\"elementor-heading-title elementor-size-default\">FASTER OPERATIONS AT BETTER COST<\/h2>\t\t\t\t<\/div>\n\t\t\t\t<\/div>\n\t\t\t\t<div class=\"elementor-element elementor-element-6810decf elementor-widget elementor-widget-text-editor\" data-id=\"6810decf\" data-element_type=\"widget\" data-widget_type=\"text-editor.default\">\n\t\t\t\t<div class=\"elementor-widget-container\">\n\t\t\t\t\t\t\t\t\t<p class=\"translation-block\">In force since 2020, state law 9.025\/2020, called RioComex, brings many benefits to foreign trade operations carried out in Rio de Janeiro state. Created from a broad front of work between public authorities, companies and associations, the tax benefit aims to boost the logistics network around Rio de Janeiro.<\/p>\t\t\t\t\t\t\t\t<\/div>\n\t\t\t\t<\/div>\n\t\t\t\t<div class=\"elementor-element elementor-element-65c1530 elementor-widget elementor-widget-heading\" data-id=\"65c1530\" data-element_type=\"widget\" data-widget_type=\"heading.default\">\n\t\t\t\t<div class=\"elementor-widget-container\">\n\t\t\t\t\t<h2 class=\"elementor-heading-title elementor-size-default\">WE ARE THE FIRST SMART TRADING TO WORK UNDER REGULATION<\/h2>\t\t\t\t<\/div>\n\t\t\t\t<\/div>\n\t\t\t\t<div class=\"elementor-element elementor-element-3436f695 elementor-widget elementor-widget-text-editor\" data-id=\"3436f695\" data-element_type=\"widget\" data-widget_type=\"text-editor.default\">\n\t\t\t\t<div class=\"elementor-widget-container\">\n\t\t\t\t\t\t\t\t\t<p class=\"translation-block\"><strong>Massy<\/strong> was one of the creators of the project and was the first <strong>Smart Trading<\/strong> company to operate under regulation after it was created and an agreement was signed with the state of Rio de Janeiro. According to its president, Bruno Barbeito, RioComex is a program favouring all links in the national logistics chain.<\/p>\n<p><\/p>\t\t\t\t\t\t\t\t<\/div>\n\t\t\t\t<\/div>\n\t\t\t\t\t<\/div>\n\t\t<\/div>\n\t\t\t\t<div class=\"has_eae_slider elementor-column elementor-col-50 elementor-top-column elementor-element elementor-element-44e0c978\" data-eae-slider=\"67084\" data-id=\"44e0c978\" data-element_type=\"column\">\n\t\t\t<div class=\"elementor-widget-wrap elementor-element-populated\">\n\t\t\t\t\t\t<div class=\"elementor-element elementor-element-9daf787 elementor-widget elementor-widget-text-editor\" data-id=\"9daf787\" data-element_type=\"widget\" data-widget_type=\"text-editor.default\">\n\t\t\t\t<div class=\"elementor-widget-container\">\n\t\t\t\t\t\t\t\t\t<p><em><span style=\"font-weight: 400;\">\"We have worked on this project since day one. We studied the benefits of other states and presented to public bodies the viability of implementing it in Rio de Janeiro.  It is a benefit that contributes to all parties involved in the operation, favouring competitiveness and expansion of business in the field\".\u00a0<\/span><\/em><\/p>\t\t\t\t\t\t\t\t<\/div>\n\t\t\t\t<\/div>\n\t\t\t\t<div class=\"elementor-element elementor-element-17bd439f elementor-widget elementor-widget-heading\" data-id=\"17bd439f\" data-element_type=\"widget\" data-widget_type=\"heading.default\">\n\t\t\t\t<div class=\"elementor-widget-container\">\n\t\t\t\t\t<h4 class=\"elementor-heading-title elementor-size-default\">Bruno Barbeito - Presidente da Massy<\/h4>\t\t\t\t<\/div>\n\t\t\t\t<\/div>\n\t\t\t\t\t<\/div>\n\t\t<\/div>\n\t\t\t\t\t<\/div>\n\t\t<\/section>\n\t\t\t\t<\/div>","protected":false},"excerpt":{"rendered":"<p>RioComex Opera\u00e7\u00f5es mais r\u00e1pidas e com melhor custo-benef\u00edcio Em vigor h\u00e1 tr\u00eas anos, a lei estadual 9.025\/2020, apelidada de RioComex, traz uma s\u00e9rie de benef\u00edcios para as opera\u00e7\u00f5es de com\u00e9rcio exterior feitas no estado do Rio de Janeiro. Criada a partir de uma ampla frente de trabalho entre poder p\u00fablico, empresa e associa\u00e7\u00f5es, o benef\u00edcio &hellip;<\/p>\n<p class=\"read-more\"> <a class=\"\" href=\"https:\/\/massyinternacional.com\/en\/riocomex\/\"> <span class=\"screen-reader-text\">RIOCOMEX<\/span> Read More \u00bb<\/a><\/p>","protected":false},"author":1,"featured_media":0,"parent":0,"menu_order":0,"comment_status":"closed","ping_status":"closed","template":"","meta":{"_acf_changed":false,"site-sidebar-layout":"no-sidebar","site-content-layout":"page-builder","ast-site-content-layout":"","site-content-style":"default","site-sidebar-style":"default","ast-global-header-display":"","ast-banner-title-visibility":"","ast-main-header-display":"","ast-hfb-above-header-display":"","ast-hfb-below-header-display":"","ast-hfb-mobile-header-display":"","site-post-title":"disabled","ast-breadcrumbs-content":"","ast-featured-img":"disabled","footer-sml-layout":"disabled","theme-transparent-header-meta":"default","adv-header-id-meta":"","stick-header-meta":"default","header-above-stick-meta":"","header-main-stick-meta":"","header-below-stick-meta":"","astra-migrate-meta-layouts":"","ast-page-background-enabled":"default","ast-page-background-meta":{"desktop":{"background-color":"","background-image":"","background-repeat":"repeat","background-position":"center center","background-size":"auto","background-attachment":"scroll","background-type":"","background-media":"","overlay-type":"","overlay-color":"","overlay-gradient":""},"tablet":{"background-color":"","background-image":"","background-repeat":"repeat","background-position":"center center","background-size":"auto","background-attachment":"scroll","background-type":"","background-media":"","overlay-type":"","overlay-color":"","overlay-gradient":""},"mobile":{"background-color":"","background-image":"","background-repeat":"repeat","background-position":"center center","background-size":"auto","background-attachment":"scroll","background-type":"","background-media":"","overlay-type":"","overlay-color":"","overlay-gradient":""}},"ast-content-background-meta":{"desktop":{"background-color":"var(--ast-global-color-5)","background-image":"","background-repeat":"repeat","background-position":"center center","background-size":"auto","background-attachment":"scroll","background-type":"","background-media":"","overlay-type":"","overlay-color":"","overlay-gradient":""},"tablet":{"background-color":"var(--ast-global-color-5)","background-image":"","background-repeat":"repeat","background-position":"center center","background-size":"auto","background-attachment":"scroll","background-type":"","background-media":"","overlay-type":"","overlay-color":"","overlay-gradient":""},"mobile":{"background-color":"var(--ast-global-color-5)","background-image":"","background-repeat":"repeat","background-position":"center center","background-size":"auto","background-attachment":"scroll","background-type":"","background-media":"","overlay-type":"","overlay-color":"","overlay-gradient":""}},"footnotes":""},"class_list":["post-2002","page","type-page","status-publish","hentry"],"acf":[],"yoast_head":"<!-- This site is optimized with the Yoast SEO plugin v25.9 - https:\/\/yoast.com\/wordpress\/plugins\/seo\/ -->\n<title>RIOCOMEX - MASSY<\/title>\n<meta name=\"robots\" content=\"index, follow, max-snippet:-1, max-image-preview:large, max-video-preview:-1\" \/>\n<link rel=\"canonical\" href=\"https:\/\/massyinternacional.com\/en\/riocomex\/\" \/>\n<meta property=\"og:locale\" content=\"en_US\" \/>\n<meta property=\"og:type\" content=\"article\" \/>\n<meta property=\"og:title\" content=\"RIOCOMEX - MASSY\" \/>\n<meta property=\"og:description\" content=\"RioComex Opera\u00e7\u00f5es mais r\u00e1pidas e com melhor custo-benef\u00edcio Em vigor h\u00e1 tr\u00eas anos, a lei estadual 9.025\/2020, apelidada de RioComex, traz uma s\u00e9rie de benef\u00edcios para as opera\u00e7\u00f5es de com\u00e9rcio exterior feitas no estado do Rio de Janeiro. Criada a partir de uma ampla frente de trabalho entre poder p\u00fablico, empresa e associa\u00e7\u00f5es, o benef\u00edcio &hellip; RIOCOMEX Read More \u00bb\" \/>\n<meta property=\"og:url\" content=\"https:\/\/massyinternacional.com\/en\/riocomex\/\" \/>\n<meta property=\"og:site_name\" content=\"MASSY\" \/>\n<meta property=\"article:publisher\" content=\"https:\/\/www.facebook.com\/MassyOficiall\" \/>\n<meta property=\"article:modified_time\" content=\"2023-12-13T14:53:57+00:00\" \/>\n<meta name=\"twitter:card\" content=\"summary_large_image\" \/>\n<meta name=\"twitter:label1\" content=\"Est. reading time\" \/>\n\t<meta name=\"twitter:data1\" content=\"1 minute\" \/>\n<script type=\"application\/ld+json\" class=\"yoast-schema-graph\">{\"@context\":\"https:\/\/schema.org\",\"@graph\":[{\"@type\":\"WebPage\",\"@id\":\"https:\/\/massyinternacional.com\/riocomex\/\",\"url\":\"https:\/\/massyinternacional.com\/riocomex\/\",\"name\":\"RIOCOMEX - MASSY\",\"isPartOf\":{\"@id\":\"https:\/\/massyinternacional.com\/#website\"},\"datePublished\":\"2023-12-07T20:37:53+00:00\",\"dateModified\":\"2023-12-13T14:53:57+00:00\",\"breadcrumb\":{\"@id\":\"https:\/\/massyinternacional.com\/riocomex\/#breadcrumb\"},\"inLanguage\":\"en-US\",\"potentialAction\":[{\"@type\":\"ReadAction\",\"target\":[\"https:\/\/massyinternacional.com\/riocomex\/\"]}]},{\"@type\":\"BreadcrumbList\",\"@id\":\"https:\/\/massyinternacional.com\/riocomex\/#breadcrumb\",\"itemListElement\":[{\"@type\":\"ListItem\",\"position\":1,\"name\":\"In\u00edcio\",\"item\":\"https:\/\/massyinternacional.com\/\"},{\"@type\":\"ListItem\",\"position\":2,\"name\":\"RIOCOMEX\"}]},{\"@type\":\"WebSite\",\"@id\":\"https:\/\/massyinternacional.com\/#website\",\"url\":\"https:\/\/massyinternacional.com\/\",\"name\":\"MASSY SMART TRADING\",\"description\":\"Smart Trading - Distribuidor Oficial Queclink\",\"publisher\":{\"@id\":\"https:\/\/massyinternacional.com\/#organization\"},\"potentialAction\":[{\"@type\":\"SearchAction\",\"target\":{\"@type\":\"EntryPoint\",\"urlTemplate\":\"https:\/\/massyinternacional.com\/?s={search_term_string}\"},\"query-input\":{\"@type\":\"PropertyValueSpecification\",\"valueRequired\":true,\"valueName\":\"search_term_string\"}}],\"inLanguage\":\"en-US\"},{\"@type\":\"Organization\",\"@id\":\"https:\/\/massyinternacional.com\/#organization\",\"name\":\"MASSY SMART TRADING\",\"url\":\"https:\/\/massyinternacional.com\/\",\"logo\":{\"@type\":\"ImageObject\",\"inLanguage\":\"en-US\",\"@id\":\"https:\/\/massyinternacional.com\/#\/schema\/logo\/image\/\",\"url\":\"https:\/\/massyinternacional.com\/wp-content\/uploads\/2021\/07\/cropped-massy_trasnparent_custom-e1625326315355.png\",\"contentUrl\":\"https:\/\/massyinternacional.com\/wp-content\/uploads\/2021\/07\/cropped-massy_trasnparent_custom-e1625326315355.png\",\"width\":800,\"height\":259,\"caption\":\"MASSY SMART TRADING\"},\"image\":{\"@id\":\"https:\/\/massyinternacional.com\/#\/schema\/logo\/image\/\"},\"sameAs\":[\"https:\/\/www.facebook.com\/MassyOficiall\",\"https:\/\/www.linkedin.com\/company\/massy-oficial\/\"]}]}<\/script>\n<!-- \/ Yoast SEO plugin. -->","yoast_head_json":{"title":"RIOCOMEX - MASSY","robots":{"index":"index","follow":"follow","max-snippet":"max-snippet:-1","max-image-preview":"max-image-preview:large","max-video-preview":"max-video-preview:-1"},"canonical":"https:\/\/massyinternacional.com\/en\/riocomex\/","og_locale":"en_US","og_type":"article","og_title":"RIOCOMEX - MASSY","og_description":"RioComex Opera\u00e7\u00f5es mais r\u00e1pidas e com melhor custo-benef\u00edcio Em vigor h\u00e1 tr\u00eas anos, a lei estadual 9.025\/2020, apelidada de RioComex, traz uma s\u00e9rie de benef\u00edcios para as opera\u00e7\u00f5es de com\u00e9rcio exterior feitas no estado do Rio de Janeiro. Criada a partir de uma ampla frente de trabalho entre poder p\u00fablico, empresa e associa\u00e7\u00f5es, o benef\u00edcio &hellip; RIOCOMEX Read More \u00bb","og_url":"https:\/\/massyinternacional.com\/en\/riocomex\/","og_site_name":"MASSY","article_publisher":"https:\/\/www.facebook.com\/MassyOficiall","article_modified_time":"2023-12-13T14:53:57+00:00","twitter_card":"summary_large_image","twitter_misc":{"Est. reading time":"1 minute"},"schema":{"@context":"https:\/\/schema.org","@graph":[{"@type":"WebPage","@id":"https:\/\/massyinternacional.com\/riocomex\/","url":"https:\/\/massyinternacional.com\/riocomex\/","name":"RIOCOMEX - MASSY","isPartOf":{"@id":"https:\/\/massyinternacional.com\/#website"},"datePublished":"2023-12-07T20:37:53+00:00","dateModified":"2023-12-13T14:53:57+00:00","breadcrumb":{"@id":"https:\/\/massyinternacional.com\/riocomex\/#breadcrumb"},"inLanguage":"en-US","potentialAction":[{"@type":"ReadAction","target":["https:\/\/massyinternacional.com\/riocomex\/"]}]},{"@type":"BreadcrumbList","@id":"https:\/\/massyinternacional.com\/riocomex\/#breadcrumb","itemListElement":[{"@type":"ListItem","position":1,"name":"In\u00edcio","item":"https:\/\/massyinternacional.com\/"},{"@type":"ListItem","position":2,"name":"RIOCOMEX"}]},{"@type":"WebSite","@id":"https:\/\/massyinternacional.com\/#website","url":"https:\/\/massyinternacional.com\/","name":"MASSY SMART TRADING","description":"Smart Trading - Distribuidor Oficial Queclink","publisher":{"@id":"https:\/\/massyinternacional.com\/#organization"},"potentialAction":[{"@type":"SearchAction","target":{"@type":"EntryPoint","urlTemplate":"https:\/\/massyinternacional.com\/?s={search_term_string}"},"query-input":{"@type":"PropertyValueSpecification","valueRequired":true,"valueName":"search_term_string"}}],"inLanguage":"en-US"},{"@type":"Organization","@id":"https:\/\/massyinternacional.com\/#organization","name":"MASSY SMART TRADING","url":"https:\/\/massyinternacional.com\/","logo":{"@type":"ImageObject","inLanguage":"en-US","@id":"https:\/\/massyinternacional.com\/#\/schema\/logo\/image\/","url":"https:\/\/massyinternacional.com\/wp-content\/uploads\/2021\/07\/cropped-massy_trasnparent_custom-e1625326315355.png","contentUrl":"https:\/\/massyinternacional.com\/wp-content\/uploads\/2021\/07\/cropped-massy_trasnparent_custom-e1625326315355.png","width":800,"height":259,"caption":"MASSY SMART TRADING"},"image":{"@id":"https:\/\/massyinternacional.com\/#\/schema\/logo\/image\/"},"sameAs":["https:\/\/www.facebook.com\/MassyOficiall","https:\/\/www.linkedin.com\/company\/massy-oficial\/"]}]}},"_links":{"self":[{"href":"https:\/\/massyinternacional.com\/en\/wp-json\/wp\/v2\/pages\/2002","targetHints":{"allow":["GET"]}}],"collection":[{"href":"https:\/\/massyinternacional.com\/en\/wp-json\/wp\/v2\/pages"}],"about":[{"href":"https:\/\/massyinternacional.com\/en\/wp-json\/wp\/v2\/types\/page"}],"author":[{"embeddable":true,"href":"https:\/\/massyinternacional.com\/en\/wp-json\/wp\/v2\/users\/1"}],"replies":[{"embeddable":true,"href":"https:\/\/massyinternacional.com\/en\/wp-json\/wp\/v2\/comments?post=2002"}],"version-history":[{"count":71,"href":"https:\/\/massyinternacional.com\/en\/wp-json\/wp\/v2\/pages\/2002\/revisions"}],"predecessor-version":[{"id":2193,"href":"https:\/\/massyinternacional.com\/en\/wp-json\/wp\/v2\/pages\/2002\/revisions\/2193"}],"wp:attachment":[{"href":"https:\/\/massyinternacional.com\/en\/wp-json\/wp\/v2\/media?parent=2002"}],"curies":[{"name":"wp","href":"https:\/\/api.w.org\/{rel}","templated":true}]}}